{"id":931,"date":"2025-06-13T15:03:22","date_gmt":"2025-06-13T15:03:22","guid":{"rendered":"https:\/\/anspc.it\/wordpress\/?page_id=931"},"modified":"2025-06-17T14:37:10","modified_gmt":"2025-06-17T14:37:10","slug":"giornata-del-credito","status":"publish","type":"page","link":"https:\/\/anspc.it\/wordpress\/giornata-del-credito\/","title":{"rendered":"Giornata del Credito"},"content":{"rendered":"<p>La Giornata del Credito \u00e8 l\u2019evento principale, organizzato annualmente dall\u2019Associazione. La manifestazione \u00e8 incentrata sull\u2019opportunit\u00e0 che le banche e gli istituti finanziari si incontrino con gli operatori economici, per discutere e raffrontare i comuni problemi, allo scopo di migliorare l\u2019armonia e l\u2019efficienza dei rapporti, nell\u2019interesse generale dello sviluppo e della stabilit\u00e0.<br \/>\nLa Giornata si svolge con il confronto tra personalit\u00e0 di alto profilo, che analizzano ed indicano le forme pi\u00f9 opportune e razionali per trasformare il risparmio da atto negativo di astinenza in atto positivo, creativo di produzione, reddito e sviluppo e, dunque, di nuovo risparmio.<br \/>\nIn questo dibattito stanno prendendo posizione sempre pi\u00f9 attiva gli altri intermediari finanziari e le assicurazioni.<\/p>\n<p style=\"text-align: center;\"><strong>Manifesto istitutivo<\/strong><\/p>\n<p><span style=\"font-size: 10pt;\"><em><span style=\"font-family: 'GillSans-LightItalic','sans-serif';\">\u201c<i>La Giornata nasce da una geniale idea di Alberto De&#8217; Stefani, uno degli economisti italiani pi\u00f9 originali ed innovativi e tra i migliori Ministri delle Finanze del primo periodo del secolo scorso. Egli lasci\u00f2 il Dicastero, che fu di Quintino Sella, dopo aver realizzato il pareggio del Bilancio dello Stato nel 1925<\/i>.<\/span><\/em><\/span><\/p>\n<p style=\"text-align: justify; line-height: normal; margin-bottom: 0pt;\"><span style=\"font-size: 10pt;\"><em><span style=\"font-family: 'GillSans-LightItalic','sans-serif';\">L\u2019idea di Alberto d\u00e8 Stefani fu sostenuta, sviluppata ed attuata da Giuseppe Pella, il presidente della stabilit\u00e0 e della popolarit\u00e0, e da Oddone Fantini, anch\u2019egli economista, fervido continuatore dell\u2019opera di Luigi Luzzatti, l\u2019apostolo del credito popolare, che, nell\u2019insegnamento e nella vita, profuse lo spirito eroico del grande combattente del Sabotino. Forte distruttore in guerra e forte costruttore in pace lo defin\u00ec Gabriele d\u2019Annunzio. Dunque, i natali della Giornata del Credito sono altrettanto nobili di quelli della Giornata Mondiale del Risparmio, legata al nome di un altro grande economista italiano, Maffeo Pantaleoni, che ispir\u00f2 la proclamazione di tale Giornata in un memorabile discorso tenuto a Milano in un congresso dell\u2019Istituto Internazionale del Risparmio, <\/span><\/em><em><span style=\"font-family: 'GillSans-LightItalic','sans-serif';\">nel 1924.<\/span><\/em><\/span><\/p>\n<p style=\"text-align: justify; line-height: normal; margin-bottom: 0pt;\"><span style=\"font-size: 10pt;\"><em><span style=\"font-family: 'GillSans-LightItalic','sans-serif';\">La Giornata Mondiale del Risparmio si celebra tutti gli anni il 31 ottobre, per esaltare la virt\u00f9 e la fondamentale importanza di questa preziosa materia prima ai fini dello sviluppo economico e stabilit\u00e0 sociale della collettivit\u00e0.<\/span><\/em><\/span><\/p>\n<p style=\"text-align: justify; line-height: normal; margin-bottom: 0pt;\"><span style=\"font-size: 10pt;\"><em><span style=\"font-family: 'GillSans-LightItalic','sans-serif';\">La filosofia della Giornata del Credito si fonda, invece, essenzialmente sull\u2019esigenza di analizzare ed indicare le forme pi\u00f9 opportune e razionali per trasformare il risparmio da atto negativo in atto positivo e creativo di produzione, reddito e sviluppo e, quindi, di nuovo risparmio. Non si contrappone alla Giornata Mondiale del Risparmio, ma la integra e la esalta creando un circuito virtuoso risparmio-investimenti, reddito-risparmio che \u00e8 l\u2019architrave dell\u2019espansione economica e della civilt\u00e0 dei popoli.<\/span><\/em><\/span><\/p>\n<p style=\"text-align: justify; line-height: normal; margin-bottom: 0pt;\"><span style=\"font-size: 10pt;\"><em><span style=\"font-family: 'GillSans-LightItalic','sans-serif';\">Il credito non crea capitali, ma ne accresce e moltiplica l\u2019effetto utile. Il credito d\u00e0 l\u2019ubiquit\u00e0 ai capitali.<\/span><\/em><\/span><\/p>\n<p style=\"text-align: justify; line-height: normal; margin-bottom: 0pt;\"><span style=\"font-size: 10pt;\"><em><span style=\"font-family: 'GillSans-LightItalic','sans-serif';\">In sostanza, la Giornata si propone di fare ogni anno una ricognizione scrupolosa, obiettiva, trasparente dei problemi e degli eventi fondamentali internazionali ed interni dell\u2019evoluzione finanziaria in particolare, per accrescere il patrimonio conoscitivo e critico del suggestivo mondo del credito e trovare utili orientamenti, convergenti soluzioni in un quadro di concordia ed armonia. Anche in questo campo, che pu\u00f2 sembrare cos\u00ec squisitamente economico e cos\u00ec impenetrabile ad ogni soffio vivificatore di temperanza, di equilibrio e solidariet\u00e0, vale l\u2019antico e sempre attuale pensiero di Gaio Sallustio Crispo (36 a.C.)\u00a0\u201cConcordia res parvae crescunt, discordia etiam maxumae dilabuntur\u201d (Bellum Iugurthium 10,6).<\/span><\/em><\/span><\/p>\n<p style=\"text-align: right;\"><span style=\"font-size: 10pt;\"><em><span style=\"font-family: 'GillSans-LightItalic','sans-serif';\">Francesco Parrillo<\/span><\/em><\/span><\/p>\n<p>&nbsp;<\/p>\n","protected":false},"excerpt":{"rendered":"<p>La Giornata del Credito \u00e8 l\u2019evento principale, organizzato annualmente dall\u2019Associazione. La manifestazione \u00e8 incentrata sull\u2019opportunit\u00e0 che le banche e gli istituti finanziari si incontrino con gli operatori economici, per discutere e raffrontare i comuni problemi, allo scopo di migliorare l\u2019armonia e l\u2019efficienza dei rapporti, nell\u2019interesse generale dello sviluppo e della stabilit\u00e0. La Giornata si svolge [&hellip;]<\/p>\n","protected":false},"author":3,"featured_media":0,"parent":0,"menu_order":0,"comment_status":"closed","ping_status":"closed","template":"","meta":{"site-sidebar-layout":"default","site-content-layout":"","ast-site-content-layout":"default","site-content-style":"default","site-sidebar-style":"default","ast-global-header-display":"","ast-banner-title-visibility":"","ast-main-header-display":"","ast-hfb-above-header-display":"","ast-hfb-below-header-display":"","ast-hfb-mobile-header-display":"","site-post-title":"","ast-breadcrumbs-content":"","ast-featured-img":"","footer-sml-layout":"","ast-disable-related-posts":"","theme-transparent-header-meta":"default","adv-header-id-meta":"","stick-header-meta":"","header-above-stick-meta":"","header-main-stick-meta":"","header-below-stick-meta":"","astra-migrate-meta-layouts":"set","ast-page-background-enabled":"default","ast-page-background-meta":{"desktop":{"background-color":"","background-image":"","background-repeat":"repeat","background-position":"center center","background-size":"auto","background-attachment":"scroll","background-type":"","background-media":"","overlay-type":"","overlay-color":"","overlay-opacity":"","overlay-gradient":""},"tablet":{"background-color":"","background-image":"","background-repeat":"repeat","background-position":"center center","background-size":"auto","background-attachment":"scroll","background-type":"","background-media":"","overlay-type":"","overlay-color":"","overlay-opacity":"","overlay-gradient":""},"mobile":{"background-color":"","background-image":"","background-repeat":"repeat","background-position":"center center","background-size":"auto","background-attachment":"scroll","background-type":"","background-media":"","overlay-type":"","overlay-color":"","overlay-opacity":"","overlay-gradient":""}},"ast-content-background-meta":{"desktop":{"background-color":"var(--ast-global-color-5)","background-image":"","background-repeat":"repeat","background-position":"center center","background-size":"auto","background-attachment":"scroll","background-type":"","background-media":"","overlay-type":"","overlay-color":"","overlay-opacity":"","overlay-gradient":""},"tablet":{"background-color":"var(--ast-global-color-5)","background-image":"","background-repeat":"repeat","background-position":"center center","background-size":"auto","background-attachment":"scroll","background-type":"","background-media":"","overlay-type":"","overlay-color":"","overlay-opacity":"","overlay-gradient":""},"mobile":{"background-color":"var(--ast-global-color-5)","background-image":"","background-repeat":"repeat","background-position":"center center","background-size":"auto","background-attachment":"scroll","background-type":"","background-media":"","overlay-type":"","overlay-color":"","overlay-opacity":"","overlay-gradient":""}},"footnotes":""},"class_list":["post-931","page","type-page","status-publish","hentry"],"_links":{"self":[{"href":"https:\/\/anspc.it\/wordpress\/wp-json\/wp\/v2\/pages\/931","targetHints":{"allow":["GET"]}}],"collection":[{"href":"https:\/\/anspc.it\/wordpress\/wp-json\/wp\/v2\/pages"}],"about":[{"href":"https:\/\/anspc.it\/wordpress\/wp-json\/wp\/v2\/types\/page"}],"author":[{"embeddable":true,"href":"https:\/\/anspc.it\/wordpress\/wp-json\/wp\/v2\/users\/3"}],"replies":[{"embeddable":true,"href":"https:\/\/anspc.it\/wordpress\/wp-json\/wp\/v2\/comments?post=931"}],"version-history":[{"count":4,"href":"https:\/\/anspc.it\/wordpress\/wp-json\/wp\/v2\/pages\/931\/revisions"}],"predecessor-version":[{"id":968,"href":"https:\/\/anspc.it\/wordpress\/wp-json\/wp\/v2\/pages\/931\/revisions\/968"}],"wp:attachment":[{"href":"https:\/\/anspc.it\/wordpress\/wp-json\/wp\/v2\/media?parent=931"}],"curies":[{"name":"wp","href":"https:\/\/api.w.org\/{rel}","templated":true}]}}