{"id":660,"date":"2021-05-20T09:57:21","date_gmt":"2021-05-20T09:57:21","guid":{"rendered":"https:\/\/anspc.it\/wordpress\/?page_id=660"},"modified":"2025-06-13T14:42:05","modified_gmt":"2025-06-13T14:42:05","slug":"anspci","status":"publish","type":"page","link":"https:\/\/anspc.it\/wordpress\/","title":{"rendered":"ANSPC"},"content":{"rendered":"<h2 class=\"entry-title\">Presentazione ANSPC<\/h2>\n<p><img loading=\"lazy\" decoding=\"async\" class=\"size-full wp-image-912 alignleft\" src=\"https:\/\/anspc.it\/wordpress\/wp-content\/uploads\/2025\/06\/ercole-pellicano-hp.jpg\" alt=\"\" width=\"208\" height=\"300\" \/>L\u2019Associazione Nazionale per lo Studio dei Problemi del Credito (ANSPC) \u00e8 formata da banchieri, imprenditori e docenti universitari.<br \/>\nEssa \u00e8 nata per essere un punto di aggregazione di forze culturali e produttive, sia pubbliche che private, accomunate dall\u2019obiettivo di promuovere, attraverso la leva creditizia, un sano ed equilibrato sviluppo.<br \/>\nL\u2019Associazione venne creata nel 1964, con il sostegno di alcuni istituti di credito popolare e la lungimiranza e la passione dei Soci Fondatori: Alberto d\u00e8 Stefani, Giuseppe Pella, Oddone Fantini, Francesco Parrillo, Guglielmo Tagliacarne, Ercole P. Pellican\u00f2, Arturo Lisdero, Alfredo Terrigno, Pietro d\u00e8 Stefani, Francesco Colitto, Serafino Cerulli, Salvatore Lo Masto.<br \/>\nE\u2019 stata presieduta, negli anni, da Giuseppe Pella, Oddone Fantini, Francesco Parrillo, Giovanni Magnifico, Amonasro Zocchi e, attualmente, da Ercole P. Pellican\u00f2.<br \/>\nOggi, l\u2019integrazione dei mercati finanziari, l\u2019assestamento dimensionale del mondo creditizio, il processo di globalizzazione del sistema economico-produttivo, l\u2019incalzare di una tecnologia sempre pi\u00f9 invasiva, rappresentano realt\u00e0 delle quali l\u2019Associazione non pu\u00f2 non tenere da conto. Essa, pertanto, oltre alla Giornata del Credito, promuove ricerche, manifestazioni ed iniziative culturali, per migliorare ed approfondire la conoscenza delle molteplici tematiche, legate alla dinamica del sistema creditizio ed economico.<\/p>\n<figure id=\"attachment_910\" aria-describedby=\"caption-attachment-910\" style=\"width: 1396px\" class=\"wp-caption alignright\"><img loading=\"lazy\" decoding=\"async\" class=\"size-full wp-image-910\" src=\"https:\/\/anspc.it\/wordpress\/wp-content\/uploads\/2025\/06\/pella-pellicano.jpg\" alt=\"1964: Giuseppe Pella e Ercole P. Pellican\u00f2\" width=\"1396\" height=\"992\" srcset=\"https:\/\/anspc.it\/wordpress\/wp-content\/uploads\/2025\/06\/pella-pellicano.jpg 1396w, https:\/\/anspc.it\/wordpress\/wp-content\/uploads\/2025\/06\/pella-pellicano-300x213.jpg 300w, https:\/\/anspc.it\/wordpress\/wp-content\/uploads\/2025\/06\/pella-pellicano-1024x728.jpg 1024w, https:\/\/anspc.it\/wordpress\/wp-content\/uploads\/2025\/06\/pella-pellicano-768x546.jpg 768w\" sizes=\"auto, (max-width: 1396px) 100vw, 1396px\" \/><figcaption id=\"caption-attachment-910\" class=\"wp-caption-text\">1964: Giuseppe Pella e Ercole P. Pellican\u00f2<\/figcaption><\/figure>\n","protected":false},"excerpt":{"rendered":"<p>Presentazione ANSPC L\u2019Associazione Nazionale per lo Studio dei Problemi del Credito (ANSPC) \u00e8 formata da banchieri, imprenditori e docenti universitari. Essa \u00e8 nata per essere un punto di aggregazione di forze culturali e produttive, sia pubbliche che private, accomunate dall\u2019obiettivo di promuovere, attraverso la leva creditizia, un sano ed equilibrato sviluppo. L\u2019Associazione venne creata nel [&hellip;]<\/p>\n","protected":false},"author":2,"featured_media":0,"parent":0,"menu_order":0,"comment_status":"closed","ping_status":"closed","template":"","meta":{"site-sidebar-layout":"default","site-content-layout":"default","ast-site-content-layout":"default","site-content-style":"default","site-sidebar-style":"default","ast-global-header-display":"","ast-banner-title-visibility":"","ast-main-header-display":"","ast-hfb-above-header-display":"","ast-hfb-below-header-display":"","ast-hfb-mobile-header-display":"","site-post-title":"disabled","ast-breadcrumbs-content":"","ast-featured-img":"disabled","footer-sml-layout":"","ast-disable-related-posts":"","theme-transparent-header-meta":"default","adv-header-id-meta":"","stick-header-meta":"","header-above-stick-meta":"","header-main-stick-meta":"","header-below-stick-meta":"","astra-migrate-meta-layouts":"set","ast-page-background-enabled":"default","ast-page-background-meta":{"desktop":{"background-color":"","background-image":"","background-repeat":"repeat","background-position":"center center","background-size":"auto","background-attachment":"scroll","background-type":"","background-media":"","overlay-type":"","overlay-color":"","overlay-opacity":"","overlay-gradient":""},"tablet":{"background-color":"","background-image":"","background-repeat":"repeat","background-position":"center center","background-size":"auto","background-attachment":"scroll","background-type":"","background-media":"","overlay-type":"","overlay-color":"","overlay-opacity":"","overlay-gradient":""},"mobile":{"background-color":"","background-image":"","background-repeat":"repeat","background-position":"center center","background-size":"auto","background-attachment":"scroll","background-type":"","background-media":"","overlay-type":"","overlay-color":"","overlay-opacity":"","overlay-gradient":""}},"ast-content-background-meta":{"desktop":{"background-color":"var(--ast-global-color-5)","background-image":"","background-repeat":"repeat","background-position":"center center","background-size":"auto","background-attachment":"scroll","background-type":"","background-media":"","overlay-type":"","overlay-color":"","overlay-opacity":"","overlay-gradient":""},"tablet":{"background-color":"var(--ast-global-color-5)","background-image":"","background-repeat":"repeat","background-position":"center center","background-size":"auto","background-attachment":"scroll","background-type":"","background-media":"","overlay-type":"","overlay-color":"","overlay-opacity":"","overlay-gradient":""},"mobile":{"background-color":"var(--ast-global-color-5)","background-image":"","background-repeat":"repeat","background-position":"center center","background-size":"auto","background-attachment":"scroll","background-type":"","background-media":"","overlay-type":"","overlay-color":"","overlay-opacity":"","overlay-gradient":""}},"footnotes":""},"class_list":["post-660","page","type-page","status-publish","hentry"],"_links":{"self":[{"href":"https:\/\/anspc.it\/wordpress\/wp-json\/wp\/v2\/pages\/660","targetHints":{"allow":["GET"]}}],"collection":[{"href":"https:\/\/anspc.it\/wordpress\/wp-json\/wp\/v2\/pages"}],"about":[{"href":"https:\/\/anspc.it\/wordpress\/wp-json\/wp\/v2\/types\/page"}],"author":[{"embeddable":true,"href":"https:\/\/anspc.it\/wordpress\/wp-json\/wp\/v2\/users\/2"}],"replies":[{"embeddable":true,"href":"https:\/\/anspc.it\/wordpress\/wp-json\/wp\/v2\/comments?post=660"}],"version-history":[{"count":11,"href":"https:\/\/anspc.it\/wordpress\/wp-json\/wp\/v2\/pages\/660\/revisions"}],"predecessor-version":[{"id":923,"href":"https:\/\/anspc.it\/wordpress\/wp-json\/wp\/v2\/pages\/660\/revisions\/923"}],"wp:attachment":[{"href":"https:\/\/anspc.it\/wordpress\/wp-json\/wp\/v2\/media?parent=660"}],"curies":[{"name":"wp","href":"https:\/\/api.w.org\/{rel}","templated":true}]}}